{"id":7515,"date":"2023-04-20T12:32:47","date_gmt":"2023-04-20T10:32:47","guid":{"rendered":"https:\/\/www.hotelartemare.it\/esperienze\/"},"modified":"2023-10-02T12:58:16","modified_gmt":"2023-10-02T10:58:16","slug":"freizeitaktivitaeten","status":"publish","type":"page","link":"https:\/\/www.hotelartemare.it\/de\/freizeitaktivitaeten\/","title":{"rendered":"Freizeitaktivit\u00e4ten"},"content":{"rendered":"\t\t<div data-elementor-type=\"wp-post\" data-elementor-id=\"7515\" class=\"elementor elementor-7515\">\n\t\t\t\t\t\t\t\t\t<section class=\"elementor-section elementor-top-section elementor-element elementor-element-00ce2b7 elementor-section-stretched elementor-section-boxed elementor-section-height-default elementor-section-height-default\" data-id=\"00ce2b7\" data-element_type=\"section\" data-settings=\"{&quot;stretch_section&quot;:&quot;section-stretched&quot;}\">\n\t\t\t\t\t\t<div class=\"elementor-container elementor-column-gap-no\">\n\t\t\t\t\t<div class=\"elementor-column elementor-col-100 elementor-top-column elementor-element elementor-element-bbcfc1e\" data-id=\"bbcfc1e\" data-element_type=\"column\">\n\t\t\t<div class=\"elementor-widget-wrap elementor-element-populated\">\n\t\t\t\t\t\t\t\t<div class=\"elementor-element elementor-element-66a87f6 elementor-align-center elementor-widget__width-initial elementor-widget-tablet__width-inherit elementor-invisible elementor-widget elementor-widget-heading\" data-id=\"66a87f6\" data-element_type=\"widget\" data-settings=\"{&quot;_animation&quot;:&quot;opal-move-up&quot;}\" data-widget_type=\"heading.default\">\n\t\t\t\t<div class=\"elementor-widget-container\">\n\t\t\t<style>\/*! elementor - v3.13.3 - 22-05-2023 *\/\n.elementor-heading-title{padding:0;margin:0;line-height:1}.elementor-widget-heading .elementor-heading-title[class*=elementor-size-]>a{color:inherit;font-size:inherit;line-height:inherit}.elementor-widget-heading .elementor-heading-title.elementor-size-small{font-size:15px}.elementor-widget-heading .elementor-heading-title.elementor-size-medium{font-size:19px}.elementor-widget-heading .elementor-heading-title.elementor-size-large{font-size:29px}.elementor-widget-heading .elementor-heading-title.elementor-size-xl{font-size:39px}.elementor-widget-heading .elementor-heading-title.elementor-size-xxl{font-size:59px}<\/style><span class=\"sub-title\">HOTEL ARTE MARE<\/span><h2 class=\"elementor-heading-title elementor-size-default\">Kunst, Natur und die feinen Aromen Siziliens<\/h2>\t\t<\/div>\n\t\t\t\t<\/div>\n\t\t\t\t<div class=\"elementor-element elementor-element-8f593ea elementor-widget__width-initial elementor-invisible elementor-widget elementor-widget-text-editor\" data-id=\"8f593ea\" data-element_type=\"widget\" data-settings=\"{&quot;_animation&quot;:&quot;opal-move-up&quot;,&quot;_animation_delay&quot;:100}\" data-widget_type=\"text-editor.default\">\n\t\t\t\t<div class=\"elementor-widget-container\">\n\t\t\t<style>\/*! elementor - v3.13.3 - 22-05-2023 *\/\n.elementor-widget-text-editor.elementor-drop-cap-view-stacked .elementor-drop-cap{background-color:#69727d;color:#fff}.elementor-widget-text-editor.elementor-drop-cap-view-framed .elementor-drop-cap{color:#69727d;border:3px solid;background-color:transparent}.elementor-widget-text-editor:not(.elementor-drop-cap-view-default) .elementor-drop-cap{margin-top:8px}.elementor-widget-text-editor:not(.elementor-drop-cap-view-default) .elementor-drop-cap-letter{width:1em;height:1em}.elementor-widget-text-editor .elementor-drop-cap{float:left;text-align:center;line-height:1;font-size:50px}.elementor-widget-text-editor .elementor-drop-cap-letter{display:inline-block}<\/style>        <div class=\"elementor-text-editor elementor-clearfix\"><p>Ihr Aufenthalt in San Vito lo Capo kann durch fantastische Erlebnisse bereichert werden und ist der ideale Ausgangspunkt, um Westsizilien zu entdecken.<br \/><span style=\"color: var( --e-global-color-text );\">Die Burg von Erice, die Salinen von Trapani, die Lagune von Mothia, die arch\u00e4ologische St\u00e4tte von Segesta, die Thunfischfabrik von Scopello und Palermo, die Mosaikkathedrale von Monreale und vieles mehr!<br \/><\/span><span style=\"color: var( --e-global-color-text );\">Unser Rezeptionspersonal zeigt Ihnen die zauberhaftesten Orte unserer Region und k\u00fcmmert sich um die Organisation der ausgew\u00e4hlten Aktivit\u00e4ten, um Ihren Tag zu etwas Besonderem zu machen.<\/span><\/p><\/div>\n        \t\t<\/div>\n\t\t\t\t<\/div>\n\t\t\t\t\t<\/div>\n\t\t<\/div>\n\t\t\t\t\t\t\t<\/div>\n\t\t<\/section>\n\t\t\t\t<section class=\"elementor-section elementor-top-section elementor-element elementor-element-6bcbd0b elementor-section-stretched elementor-section-boxed elementor-section-height-default elementor-section-height-default\" data-id=\"6bcbd0b\" data-element_type=\"section\" data-settings=\"{&quot;stretch_section&quot;:&quot;section-stretched&quot;}\">\n\t\t\t\t\t\t<div class=\"elementor-container elementor-column-gap-no\">\n\t\t\t\t\t<div class=\"elementor-column elementor-col-33 elementor-top-column elementor-element elementor-element-4e707e9\" data-id=\"4e707e9\" data-element_type=\"column\">\n\t\t\t<div class=\"elementor-widget-wrap elementor-element-populated\">\n\t\t\t\t\t\t\t\t<div class=\"elementor-element elementor-element-2ee9601 elementor-cta--skin-cover elementor-cta--valign-middle content-escursioni elementor-animated-content elementor-bg-transform elementor-bg-transform-zoom-in elementor-widget elementor-widget-call-to-action\" data-id=\"2ee9601\" data-element_type=\"widget\" data-widget_type=\"call-to-action.default\">\n\t\t\t\t<div class=\"elementor-widget-container\">\n\t\t\t<link rel=\"stylesheet\" href=\"https:\/\/www.hotelartemare.it\/wp-content\/plugins\/elementor-pro\/assets\/css\/widget-call-to-action.min.css\">\t\t<div class=\"elementor-cta\">\n\t\t\t\t\t<div class=\"elementor-cta__bg-wrapper\">\n\t\t\t\t<div class=\"elementor-cta__bg elementor-bg\" style=\"background-image: url(https:\/\/www.hotelartemare.it\/wp-content\/uploads\/2023\/10\/hotel-arte-mare-esperienze-percorsi-naturalistici.jpg);\"><\/div>\n\t\t\t\t<div class=\"elementor-cta__bg-overlay\"><\/div>\n\t\t\t<\/div>\n\t\t\t\t\t\t\t<div class=\"elementor-cta__content\">\n\t\t\t\t\n\t\t\t\t<h2 class=\"elementor-cta__title elementor-cta__content-item elementor-content-item elementor-animated-item--grow\">Naturpfade<\/h2>\n\t\t\t\t\n\t\t\t\t\t\t\t<\/div>\n\t\t\t\t\t\t<\/div>\n\t\t\t\t<\/div>\n\t\t\t\t<\/div>\n\t\t\t\t\t<\/div>\n\t\t<\/div>\n\t\t\t\t<div class=\"elementor-column elementor-col-33 elementor-top-column elementor-element elementor-element-f571c92\" data-id=\"f571c92\" data-element_type=\"column\">\n\t\t\t<div class=\"elementor-widget-wrap elementor-element-populated\">\n\t\t\t\t\t\t\t\t<div class=\"elementor-element elementor-element-fc2913c elementor-cta--skin-cover elementor-cta--valign-middle content-escursioni elementor-animated-content elementor-bg-transform elementor-bg-transform-zoom-in elementor-widget elementor-widget-call-to-action\" data-id=\"fc2913c\" data-element_type=\"widget\" data-widget_type=\"call-to-action.default\">\n\t\t\t\t<div class=\"elementor-widget-container\">\n\t\t\t\t\t<div class=\"elementor-cta\">\n\t\t\t\t\t<div class=\"elementor-cta__bg-wrapper\">\n\t\t\t\t<div class=\"elementor-cta__bg elementor-bg\" style=\"background-image: url(https:\/\/www.hotelartemare.it\/wp-content\/uploads\/2023\/04\/hotel-arte-mare-esperienze-escursioni-a-cavallo.jpg);\"><\/div>\n\t\t\t\t<div class=\"elementor-cta__bg-overlay\"><\/div>\n\t\t\t<\/div>\n\t\t\t\t\t\t\t<div class=\"elementor-cta__content\">\n\t\t\t\t\n\t\t\t\t<h2 class=\"elementor-cta__title elementor-cta__content-item elementor-content-item elementor-animated-item--grow\">Ausritte<\/h2>\n\t\t\t\t\n\t\t\t\t\t\t\t<\/div>\n\t\t\t\t\t\t<\/div>\n\t\t\t\t<\/div>\n\t\t\t\t<\/div>\n\t\t\t\t\t<\/div>\n\t\t<\/div>\n\t\t\t\t<div class=\"elementor-column elementor-col-33 elementor-top-column elementor-element elementor-element-dfaee2e\" data-id=\"dfaee2e\" data-element_type=\"column\">\n\t\t\t<div class=\"elementor-widget-wrap elementor-element-populated\">\n\t\t\t\t\t\t\t\t<div class=\"elementor-element elementor-element-25c6c60 elementor-cta--skin-cover elementor-cta--valign-middle content-escursioni elementor-animated-content elementor-bg-transform elementor-bg-transform-zoom-in elementor-widget elementor-widget-call-to-action\" data-id=\"25c6c60\" data-element_type=\"widget\" data-widget_type=\"call-to-action.default\">\n\t\t\t\t<div class=\"elementor-widget-container\">\n\t\t\t\t\t<div class=\"elementor-cta\">\n\t\t\t\t\t<div class=\"elementor-cta__bg-wrapper\">\n\t\t\t\t<div class=\"elementor-cta__bg elementor-bg\" style=\"background-image: url(https:\/\/www.hotelartemare.it\/wp-content\/uploads\/2023\/05\/hotel-arte-mare-escursioni-escursioni-in-quad.jpg);\"><\/div>\n\t\t\t\t<div class=\"elementor-cta__bg-overlay\"><\/div>\n\t\t\t<\/div>\n\t\t\t\t\t\t\t<div class=\"elementor-cta__content\">\n\t\t\t\t\n\t\t\t\t<h2 class=\"elementor-cta__title elementor-cta__content-item elementor-content-item elementor-animated-item--grow\">Quad-Touren<\/h2>\n\t\t\t\t\n\t\t\t\t\t\t\t<\/div>\n\t\t\t\t\t\t<\/div>\n\t\t\t\t<\/div>\n\t\t\t\t<\/div>\n\t\t\t\t\t<\/div>\n\t\t<\/div>\n\t\t\t\t\t\t\t<\/div>\n\t\t<\/section>\n\t\t\t\t<section class=\"elementor-section elementor-top-section elementor-element elementor-element-a10383a elementor-section-stretched elementor-section-boxed elementor-section-height-default elementor-section-height-default\" data-id=\"a10383a\" data-element_type=\"section\" data-settings=\"{&quot;stretch_section&quot;:&quot;section-stretched&quot;}\">\n\t\t\t\t\t\t<div class=\"elementor-container elementor-column-gap-no\">\n\t\t\t\t\t<div class=\"elementor-column elementor-col-100 elementor-top-column elementor-element elementor-element-3068acd\" data-id=\"3068acd\" data-element_type=\"column\">\n\t\t\t<div class=\"elementor-widget-wrap elementor-element-populated\">\n\t\t\t\t\t\t\t\t<div class=\"elementor-element elementor-element-5f7c3b9 elementor-cta--skin-cover elementor-cta--valign-middle content-escursioni elementor-animated-content elementor-bg-transform elementor-bg-transform-zoom-in elementor-widget elementor-widget-call-to-action\" data-id=\"5f7c3b9\" data-element_type=\"widget\" data-widget_type=\"call-to-action.default\">\n\t\t\t\t<div class=\"elementor-widget-container\">\n\t\t\t\t\t<div class=\"elementor-cta\">\n\t\t\t\t\t<div class=\"elementor-cta__bg-wrapper\">\n\t\t\t\t<div class=\"elementor-cta__bg elementor-bg\" style=\"background-image: url(https:\/\/www.hotelartemare.it\/wp-content\/uploads\/2023\/04\/hotel-arte-mare-esperienze-tour-delle-saline.jpg);\"><\/div>\n\t\t\t\t<div class=\"elementor-cta__bg-overlay\"><\/div>\n\t\t\t<\/div>\n\t\t\t\t\t\t\t<div class=\"elementor-cta__content\">\n\t\t\t\t\n\t\t\t\t<h2 class=\"elementor-cta__title elementor-cta__content-item elementor-content-item elementor-animated-item--grow\">Salinenbesichtigungen<\/h2>\n\t\t\t\t\n\t\t\t\t\t\t\t<\/div>\n\t\t\t\t\t\t<\/div>\n\t\t\t\t<\/div>\n\t\t\t\t<\/div>\n\t\t\t\t\t<\/div>\n\t\t<\/div>\n\t\t\t\t\t\t\t<\/div>\n\t\t<\/section>\n\t\t\t\t<section class=\"elementor-section elementor-top-section elementor-element elementor-element-d7ce55a elementor-section-stretched elementor-section-boxed elementor-section-height-default elementor-section-height-default\" data-id=\"d7ce55a\" data-element_type=\"section\" data-settings=\"{&quot;stretch_section&quot;:&quot;section-stretched&quot;}\">\n\t\t\t\t\t\t<div class=\"elementor-container elementor-column-gap-no\">\n\t\t\t\t\t<div class=\"elementor-column elementor-col-100 elementor-top-column elementor-element elementor-element-caff086\" data-id=\"caff086\" data-element_type=\"column\">\n\t\t\t<div class=\"elementor-widget-wrap elementor-element-populated\">\n\t\t\t\t\t\t\t\t<div class=\"elementor-element elementor-element-f85e6bc elementor-cta--skin-cover elementor-cta--valign-middle content-escursioni elementor-animated-content elementor-bg-transform elementor-bg-transform-zoom-in elementor-widget elementor-widget-call-to-action\" data-id=\"f85e6bc\" data-element_type=\"widget\" data-widget_type=\"call-to-action.default\">\n\t\t\t\t<div class=\"elementor-widget-container\">\n\t\t\t\t\t<div class=\"elementor-cta\">\n\t\t\t\t\t<div class=\"elementor-cta__bg-wrapper\">\n\t\t\t\t<div class=\"elementor-cta__bg elementor-bg\" style=\"background-image: url(https:\/\/www.hotelartemare.it\/wp-content\/uploads\/2023\/04\/hotel-arte-mare-esperienze-tour-enogastronomici.jpg);\"><\/div>\n\t\t\t\t<div class=\"elementor-cta__bg-overlay\"><\/div>\n\t\t\t<\/div>\n\t\t\t\t\t\t\t<div class=\"elementor-cta__content\">\n\t\t\t\t\n\t\t\t\t<h2 class=\"elementor-cta__title elementor-cta__content-item elementor-content-item elementor-animated-item--grow\">Gastronomie<br\/>und Weinexkursionen<\/h2>\n\t\t\t\t\n\t\t\t\t\t\t\t<\/div>\n\t\t\t\t\t\t<\/div>\n\t\t\t\t<\/div>\n\t\t\t\t<\/div>\n\t\t\t\t\t<\/div>\n\t\t<\/div>\n\t\t\t\t\t\t\t<\/div>\n\t\t<\/section>\n\t\t\t\t<section class=\"elementor-section elementor-top-section elementor-element elementor-element-ca8de54 elementor-section-stretched elementor-section-boxed elementor-section-height-default elementor-section-height-default\" data-id=\"ca8de54\" data-element_type=\"section\" data-settings=\"{&quot;stretch_section&quot;:&quot;section-stretched&quot;}\">\n\t\t\t\t\t\t<div class=\"elementor-container elementor-column-gap-no\">\n\t\t\t\t\t<div class=\"elementor-column elementor-col-50 elementor-top-column elementor-element elementor-element-b3b0588\" data-id=\"b3b0588\" data-element_type=\"column\">\n\t\t\t<div class=\"elementor-widget-wrap elementor-element-populated\">\n\t\t\t\t\t\t\t\t<div class=\"elementor-element elementor-element-b81c798 elementor-cta--skin-cover elementor-cta--valign-middle content-escursioni elementor-animated-content elementor-bg-transform elementor-bg-transform-zoom-in elementor-widget elementor-widget-call-to-action\" data-id=\"b81c798\" data-element_type=\"widget\" data-widget_type=\"call-to-action.default\">\n\t\t\t\t<div class=\"elementor-widget-container\">\n\t\t\t\t\t<div class=\"elementor-cta\">\n\t\t\t\t\t<div class=\"elementor-cta__bg-wrapper\">\n\t\t\t\t<div class=\"elementor-cta__bg elementor-bg\" style=\"background-image: url(https:\/\/www.hotelartemare.it\/wp-content\/uploads\/2023\/04\/hotel-arte-mare-esperienze-escursioni-in-catamarano.jpg);\"><\/div>\n\t\t\t\t<div class=\"elementor-cta__bg-overlay\"><\/div>\n\t\t\t<\/div>\n\t\t\t\t\t\t\t<div class=\"elementor-cta__content\">\n\t\t\t\t\n\t\t\t\t<h2 class=\"elementor-cta__title elementor-cta__content-item elementor-content-item elementor-animated-item--grow\">Katamaran<br\/>Touren<\/h2>\n\t\t\t\t\n\t\t\t\t\t\t\t<\/div>\n\t\t\t\t\t\t<\/div>\n\t\t\t\t<\/div>\n\t\t\t\t<\/div>\n\t\t\t\t\t<\/div>\n\t\t<\/div>\n\t\t\t\t<div class=\"elementor-column elementor-col-50 elementor-top-column elementor-element elementor-element-552c7ab\" data-id=\"552c7ab\" data-element_type=\"column\">\n\t\t\t<div class=\"elementor-widget-wrap elementor-element-populated\">\n\t\t\t\t\t\t\t\t<div class=\"elementor-element elementor-element-806870d elementor-cta--skin-cover elementor-cta--valign-middle content-escursioni elementor-animated-content elementor-bg-transform elementor-bg-transform-zoom-in elementor-widget elementor-widget-call-to-action\" data-id=\"806870d\" data-element_type=\"widget\" data-widget_type=\"call-to-action.default\">\n\t\t\t\t<div class=\"elementor-widget-container\">\n\t\t\t\t\t<div class=\"elementor-cta\">\n\t\t\t\t\t<div class=\"elementor-cta__bg-wrapper\">\n\t\t\t\t<div class=\"elementor-cta__bg elementor-bg\" style=\"background-image: url(https:\/\/www.hotelartemare.it\/wp-content\/uploads\/2023\/04\/hotel-arte-mare-esperienze-immersioni-e-snorkeling.jpg);\"><\/div>\n\t\t\t\t<div class=\"elementor-cta__bg-overlay\"><\/div>\n\t\t\t<\/div>\n\t\t\t\t\t\t\t<div class=\"elementor-cta__content\">\n\t\t\t\t\n\t\t\t\t<h2 class=\"elementor-cta__title elementor-cta__content-item elementor-content-item elementor-animated-item--grow\">Tauchen und<br\/>Schnorcheln<\/h2>\n\t\t\t\t\n\t\t\t\t\t\t\t<\/div>\n\t\t\t\t\t\t<\/div>\n\t\t\t\t<\/div>\n\t\t\t\t<\/div>\n\t\t\t\t\t<\/div>\n\t\t<\/div>\n\t\t\t\t\t\t\t<\/div>\n\t\t<\/section>\n\t\t\t\t\t\t\t<\/div>\n\t\t","protected":false},"excerpt":{"rendered":"<p>HOTEL ARTE MARE Kunst, Natur und die feinen Aromen Siziliens Ihr Aufenthalt in San Vito lo Capo kann durch fantastische Erlebnisse bereichert werden und ist der ideale Ausgangspunkt, um Westsizilien zu entdecken.Die Burg von Erice, die Salinen von Trapani, die Lagune von Mothia, die arch\u00e4ologische St\u00e4tte von Segesta, die Thunfischfabrik von Scopello und Palermo, die &hellip; <span class=\"more-link-wrap\"><a href=\"https:\/\/www.hotelartemare.it\/de\/freizeitaktivitaeten\/\" class=\"more-link\">Read More <span class=\"screen-reader-text\"> &#8222;Freizeitaktivit\u00e4ten&#8220;<\/span><\/a><\/span><\/p>\n","protected":false},"author":1,"featured_media":0,"parent":0,"menu_order":0,"comment_status":"closed","ping_status":"closed","template":"page-elementor.php","meta":{"inline_featured_image":false,"footnotes":""},"class_list":["post-7515","page","type-page","status-publish","hentry"],"yoast_head":"<!-- This site is optimized with the Yoast SEO plugin v27.5 - https:\/\/yoast.com\/product\/yoast-seo-wordpress\/ -->\n<title>Entdecken Sie Sizilien - Fantastische Erlebnisse in San Vito Lo Capo<\/title>\n<meta name=\"description\" content=\"Ihr Aufenthalt in San Vito lo Capo kann durch fantastische Erlebnisse bereichert werden und ist der ideale Ausgangspunkt, um Westsizilien zu entdecken.\" \/>\n<meta name=\"robots\" content=\"index, follow, max-snippet:-1, max-image-preview:large, max-video-preview:-1\" \/>\n<link rel=\"canonical\" href=\"https:\/\/www.hotelartemare.it\/de\/freizeitaktivitaeten\/\" \/>\n<meta property=\"og:locale\" content=\"de_DE\" \/>\n<meta property=\"og:type\" content=\"article\" \/>\n<meta property=\"og:title\" content=\"Entdecken Sie Sizilien - Fantastische Erlebnisse in San Vito Lo Capo\" \/>\n<meta property=\"og:description\" content=\"Ihr Aufenthalt in San Vito lo Capo kann durch fantastische Erlebnisse bereichert werden und ist der ideale Ausgangspunkt, um Westsizilien zu entdecken.\" \/>\n<meta property=\"og:url\" content=\"https:\/\/www.hotelartemare.it\/de\/freizeitaktivitaeten\/\" \/>\n<meta property=\"og:site_name\" content=\"Hotel Arte Mare\" \/>\n<meta property=\"article:modified_time\" content=\"2023-10-02T10:58:16+00:00\" \/>\n<meta name=\"twitter:card\" content=\"summary_large_image\" \/>\n<meta name=\"twitter:label1\" content=\"Gesch\u00e4tzte Lesezeit\" \/>\n\t<meta name=\"twitter:data1\" content=\"1\u00a0Minute\" \/>\n<script type=\"application\/ld+json\" class=\"yoast-schema-graph\">{\"@context\":\"https:\\\/\\\/schema.org\",\"@graph\":[{\"@type\":\"WebPage\",\"@id\":\"https:\\\/\\\/www.hotelartemare.it\\\/de\\\/freizeitaktivitaeten\\\/\",\"url\":\"https:\\\/\\\/www.hotelartemare.it\\\/de\\\/freizeitaktivitaeten\\\/\",\"name\":\"Entdecken Sie Sizilien - Fantastische Erlebnisse in San Vito Lo Capo\",\"isPartOf\":{\"@id\":\"https:\\\/\\\/www.hotelartemare.it\\\/de\\\/#website\"},\"datePublished\":\"2023-04-20T10:32:47+00:00\",\"dateModified\":\"2023-10-02T10:58:16+00:00\",\"description\":\"Ihr Aufenthalt in San Vito lo Capo kann durch fantastische Erlebnisse bereichert werden und ist der ideale Ausgangspunkt, um Westsizilien zu entdecken.\",\"inLanguage\":\"de\",\"potentialAction\":[{\"@type\":\"ReadAction\",\"target\":[\"https:\\\/\\\/www.hotelartemare.it\\\/de\\\/freizeitaktivitaeten\\\/\"]}]},{\"@type\":\"WebSite\",\"@id\":\"https:\\\/\\\/www.hotelartemare.it\\\/de\\\/#website\",\"url\":\"https:\\\/\\\/www.hotelartemare.it\\\/de\\\/\",\"name\":\"Hotel Arte Mare\",\"description\":\"\",\"publisher\":{\"@id\":\"https:\\\/\\\/www.hotelartemare.it\\\/de\\\/#organization\"},\"potentialAction\":[{\"@type\":\"SearchAction\",\"target\":{\"@type\":\"EntryPoint\",\"urlTemplate\":\"https:\\\/\\\/www.hotelartemare.it\\\/de\\\/?s={search_term_string}\"},\"query-input\":{\"@type\":\"PropertyValueSpecification\",\"valueRequired\":true,\"valueName\":\"search_term_string\"}}],\"inLanguage\":\"de\"},{\"@type\":\"Organization\",\"@id\":\"https:\\\/\\\/www.hotelartemare.it\\\/de\\\/#organization\",\"name\":\"Hotel Arte Mare\",\"url\":\"https:\\\/\\\/www.hotelartemare.it\\\/de\\\/\",\"logo\":{\"@type\":\"ImageObject\",\"inLanguage\":\"de\",\"@id\":\"https:\\\/\\\/www.hotelartemare.it\\\/de\\\/#\\\/schema\\\/logo\\\/image\\\/\",\"url\":\"https:\\\/\\\/www.hotelartemare.it\\\/wp-content\\\/uploads\\\/2023\\\/04\\\/hotel-arte-mare-logo.png\",\"contentUrl\":\"https:\\\/\\\/www.hotelartemare.it\\\/wp-content\\\/uploads\\\/2023\\\/04\\\/hotel-arte-mare-logo.png\",\"width\":250,\"height\":250,\"caption\":\"Hotel Arte Mare\"},\"image\":{\"@id\":\"https:\\\/\\\/www.hotelartemare.it\\\/de\\\/#\\\/schema\\\/logo\\\/image\\\/\"}}]}<\/script>\n<!-- \/ Yoast SEO plugin. -->","yoast_head_json":{"title":"Entdecken Sie Sizilien - Fantastische Erlebnisse in San Vito Lo Capo","description":"Ihr Aufenthalt in San Vito lo Capo kann durch fantastische Erlebnisse bereichert werden und ist der ideale Ausgangspunkt, um Westsizilien zu entdecken.","robots":{"index":"index","follow":"follow","max-snippet":"max-snippet:-1","max-image-preview":"max-image-preview:large","max-video-preview":"max-video-preview:-1"},"canonical":"https:\/\/www.hotelartemare.it\/de\/freizeitaktivitaeten\/","og_locale":"de_DE","og_type":"article","og_title":"Entdecken Sie Sizilien - Fantastische Erlebnisse in San Vito Lo Capo","og_description":"Ihr Aufenthalt in San Vito lo Capo kann durch fantastische Erlebnisse bereichert werden und ist der ideale Ausgangspunkt, um Westsizilien zu entdecken.","og_url":"https:\/\/www.hotelartemare.it\/de\/freizeitaktivitaeten\/","og_site_name":"Hotel Arte Mare","article_modified_time":"2023-10-02T10:58:16+00:00","twitter_card":"summary_large_image","twitter_misc":{"Gesch\u00e4tzte Lesezeit":"1\u00a0Minute"},"schema":{"@context":"https:\/\/schema.org","@graph":[{"@type":"WebPage","@id":"https:\/\/www.hotelartemare.it\/de\/freizeitaktivitaeten\/","url":"https:\/\/www.hotelartemare.it\/de\/freizeitaktivitaeten\/","name":"Entdecken Sie Sizilien - Fantastische Erlebnisse in San Vito Lo Capo","isPartOf":{"@id":"https:\/\/www.hotelartemare.it\/de\/#website"},"datePublished":"2023-04-20T10:32:47+00:00","dateModified":"2023-10-02T10:58:16+00:00","description":"Ihr Aufenthalt in San Vito lo Capo kann durch fantastische Erlebnisse bereichert werden und ist der ideale Ausgangspunkt, um Westsizilien zu entdecken.","inLanguage":"de","potentialAction":[{"@type":"ReadAction","target":["https:\/\/www.hotelartemare.it\/de\/freizeitaktivitaeten\/"]}]},{"@type":"WebSite","@id":"https:\/\/www.hotelartemare.it\/de\/#website","url":"https:\/\/www.hotelartemare.it\/de\/","name":"Hotel Arte Mare","description":"","publisher":{"@id":"https:\/\/www.hotelartemare.it\/de\/#organization"},"potentialAction":[{"@type":"SearchAction","target":{"@type":"EntryPoint","urlTemplate":"https:\/\/www.hotelartemare.it\/de\/?s={search_term_string}"},"query-input":{"@type":"PropertyValueSpecification","valueRequired":true,"valueName":"search_term_string"}}],"inLanguage":"de"},{"@type":"Organization","@id":"https:\/\/www.hotelartemare.it\/de\/#organization","name":"Hotel Arte Mare","url":"https:\/\/www.hotelartemare.it\/de\/","logo":{"@type":"ImageObject","inLanguage":"de","@id":"https:\/\/www.hotelartemare.it\/de\/#\/schema\/logo\/image\/","url":"https:\/\/www.hotelartemare.it\/wp-content\/uploads\/2023\/04\/hotel-arte-mare-logo.png","contentUrl":"https:\/\/www.hotelartemare.it\/wp-content\/uploads\/2023\/04\/hotel-arte-mare-logo.png","width":250,"height":250,"caption":"Hotel Arte Mare"},"image":{"@id":"https:\/\/www.hotelartemare.it\/de\/#\/schema\/logo\/image\/"}}]}},"_links":{"self":[{"href":"https:\/\/www.hotelartemare.it\/de\/wp-json\/wp\/v2\/pages\/7515","targetHints":{"allow":["GET"]}}],"collection":[{"href":"https:\/\/www.hotelartemare.it\/de\/wp-json\/wp\/v2\/pages"}],"about":[{"href":"https:\/\/www.hotelartemare.it\/de\/wp-json\/wp\/v2\/types\/page"}],"author":[{"embeddable":true,"href":"https:\/\/www.hotelartemare.it\/de\/wp-json\/wp\/v2\/users\/1"}],"replies":[{"embeddable":true,"href":"https:\/\/www.hotelartemare.it\/de\/wp-json\/wp\/v2\/comments?post=7515"}],"version-history":[{"count":16,"href":"https:\/\/www.hotelartemare.it\/de\/wp-json\/wp\/v2\/pages\/7515\/revisions"}],"predecessor-version":[{"id":9684,"href":"https:\/\/www.hotelartemare.it\/de\/wp-json\/wp\/v2\/pages\/7515\/revisions\/9684"}],"wp:attachment":[{"href":"https:\/\/www.hotelartemare.it\/de\/wp-json\/wp\/v2\/media?parent=7515"}],"curies":[{"name":"wp","href":"https:\/\/api.w.org\/{rel}","templated":true}]}}