{"id":8082,"date":"2023-04-20T13:17:58","date_gmt":"2023-04-20T11:17:58","guid":{"rendered":"https:\/\/www.hotelartemare.it\/contatti\/"},"modified":"2024-10-29T09:59:16","modified_gmt":"2024-10-29T08:59:16","slug":"contactos","status":"publish","type":"page","link":"https:\/\/www.hotelartemare.it\/es\/contactos\/","title":{"rendered":"Contactos"},"content":{"rendered":"\t\t<div data-elementor-type=\"wp-post\" data-elementor-id=\"8082\" class=\"elementor elementor-8082\">\n\t\t\t\t\t\t\t\t\t<section class=\"elementor-section elementor-top-section elementor-element elementor-element-b334e90 elementor-section-stretched elementor-section-content-middle elementor-section-boxed elementor-section-height-default elementor-section-height-default\" data-id=\"b334e90\" data-element_type=\"section\" data-settings=\"{&quot;stretch_section&quot;:&quot;section-stretched&quot;}\">\n\t\t\t\t\t\t<div class=\"elementor-container elementor-column-gap-no\">\n\t\t\t\t\t<div class=\"elementor-column elementor-col-50 elementor-top-column elementor-element elementor-element-9f2212c\" data-id=\"9f2212c\" data-element_type=\"column\">\n\t\t\t<div class=\"elementor-widget-wrap elementor-element-populated\">\n\t\t\t\t\t\t\t\t<div class=\"elementor-element elementor-element-466596d elementor-align-left elementor-mobile-align-center elementor-invisible elementor-widget elementor-widget-heading\" data-id=\"466596d\" data-element_type=\"widget\" data-settings=\"{&quot;_animation&quot;:&quot;opal-move-up&quot;}\" data-widget_type=\"heading.default\">\n\t\t\t\t<div class=\"elementor-widget-container\">\n\t\t\t<style>\/*! elementor - v3.13.3 - 22-05-2023 *\/\n.elementor-heading-title{padding:0;margin:0;line-height:1}.elementor-widget-heading .elementor-heading-title[class*=elementor-size-]>a{color:inherit;font-size:inherit;line-height:inherit}.elementor-widget-heading .elementor-heading-title.elementor-size-small{font-size:15px}.elementor-widget-heading .elementor-heading-title.elementor-size-medium{font-size:19px}.elementor-widget-heading .elementor-heading-title.elementor-size-large{font-size:29px}.elementor-widget-heading .elementor-heading-title.elementor-size-xl{font-size:39px}.elementor-widget-heading .elementor-heading-title.elementor-size-xxl{font-size:59px}<\/style><h2 class=\"elementor-heading-title elementor-size-default\">Contattaci<\/h2>\t\t<\/div>\n\t\t\t\t<\/div>\n\t\t\t\t<div class=\"elementor-element elementor-element-8fe046a elementor-invisible elementor-widget elementor-widget-text-editor\" data-id=\"8fe046a\" data-element_type=\"widget\" data-settings=\"{&quot;_animation&quot;:&quot;opal-move-up&quot;,&quot;_animation_delay&quot;:100}\" data-widget_type=\"text-editor.default\">\n\t\t\t\t<div class=\"elementor-widget-container\">\n\t\t\t<style>\/*! elementor - v3.13.3 - 22-05-2023 *\/\n.elementor-widget-text-editor.elementor-drop-cap-view-stacked .elementor-drop-cap{background-color:#69727d;color:#fff}.elementor-widget-text-editor.elementor-drop-cap-view-framed .elementor-drop-cap{color:#69727d;border:3px solid;background-color:transparent}.elementor-widget-text-editor:not(.elementor-drop-cap-view-default) .elementor-drop-cap{margin-top:8px}.elementor-widget-text-editor:not(.elementor-drop-cap-view-default) .elementor-drop-cap-letter{width:1em;height:1em}.elementor-widget-text-editor .elementor-drop-cap{float:left;text-align:center;line-height:1;font-size:50px}.elementor-widget-text-editor .elementor-drop-cap-letter{display:inline-block}<\/style>        <div class=\"elementor-text-editor elementor-clearfix\"><p>Hotel Arte Mare, nello splendido borgo marinaro di San Vito Lo Capo.<\/p><\/div>\n        \t\t<\/div>\n\t\t\t\t<\/div>\n\t\t\t\t\t<\/div>\n\t\t<\/div>\n\t\t\t\t<div class=\"elementor-column elementor-col-50 elementor-top-column elementor-element elementor-element-65ec0f5\" data-id=\"65ec0f5\" data-element_type=\"column\">\n\t\t\t<div class=\"elementor-widget-wrap elementor-element-populated\">\n\t\t\t\t\t\t\t\t<section class=\"elementor-section elementor-inner-section elementor-element elementor-element-d426527 elementor-section-boxed elementor-section-height-default elementor-section-height-default\" data-id=\"d426527\" data-element_type=\"section\">\n\t\t\t\t\t\t<div class=\"elementor-container elementor-column-gap-no\">\n\t\t\t\t\t<div class=\"elementor-column elementor-col-33 elementor-inner-column elementor-element elementor-element-56ab27c\" data-id=\"56ab27c\" data-element_type=\"column\">\n\t\t\t<div class=\"elementor-widget-wrap elementor-element-populated\">\n\t\t\t\t\t\t\t\t<div class=\"elementor-element elementor-element-ec07a4d elementor-view-default elementor-position-top elementor-vertical-align-top elementor-invisible elementor-widget elementor-widget-icon-box\" data-id=\"ec07a4d\" data-element_type=\"widget\" data-settings=\"{&quot;_animation&quot;:&quot;opal-move-right&quot;}\" data-widget_type=\"icon-box.default\">\n\t\t\t\t<div class=\"elementor-widget-container\">\n\t\t\t<link rel=\"stylesheet\" href=\"https:\/\/www.hotelartemare.it\/wp-content\/plugins\/elementor\/assets\/css\/widget-icon-box.min.css\">        <div class=\"elementor-icon-box-wrapper\">\n                    <div class=\"elementor-icon-box-icon\">\n            <span class=\"elementor-icon elementor-animation-\" >\n            <i class=\"opal-icon-map-marker-alt\" aria-hidden=\"true\"><\/i>\n            <\/span>\n            <\/div>\n                <div class=\"elementor-icon-box-content\">\n            <h3 class=\"elementor-icon-box-title\">\n                <span >Indirizzo<\/span>\n            <\/h3>\n            <p class=\"elementor-icon-box-description\">Via del mulino 42\n<br\/>                                                                               91010 - San Vito Lo Capo (TP)<\/p>\n            <\/div>\n        <\/div>\n        \t\t<\/div>\n\t\t\t\t<\/div>\n\t\t\t\t\t<\/div>\n\t\t<\/div>\n\t\t\t\t<div class=\"elementor-column elementor-col-33 elementor-inner-column elementor-element elementor-element-78777d4\" data-id=\"78777d4\" data-element_type=\"column\">\n\t\t\t<div class=\"elementor-widget-wrap elementor-element-populated\">\n\t\t\t\t\t\t\t\t<div class=\"elementor-element elementor-element-db1ec4c elementor-view-default elementor-position-top elementor-vertical-align-top elementor-invisible elementor-widget elementor-widget-icon-box\" data-id=\"db1ec4c\" data-element_type=\"widget\" data-settings=\"{&quot;_animation&quot;:&quot;opal-move-right&quot;,&quot;_animation_delay&quot;:300}\" data-widget_type=\"icon-box.default\">\n\t\t\t\t<div class=\"elementor-widget-container\">\n\t\t\t        <div class=\"elementor-icon-box-wrapper\">\n                    <div class=\"elementor-icon-box-icon\">\n            <a class=\"elementor-icon elementor-animation-\" href=\"mailto:hotelartemare@gmail.com\">\n            <i class=\"opal-icon-envelope\" aria-hidden=\"true\"><\/i>\n            <\/a>\n            <\/div>\n                <div class=\"elementor-icon-box-content\">\n            <h3 class=\"elementor-icon-box-title\">\n                <a href=\"mailto:hotelartemare@gmail.com\">Email<\/a>\n            <\/h3>\n            <p class=\"elementor-icon-box-description\"><a href=\"mailto:hotelartemare@gmail.com\">hotelartemare@gmail.com<\/a><\/p>\n            <\/div>\n        <\/div>\n        \t\t<\/div>\n\t\t\t\t<\/div>\n\t\t\t\t\t<\/div>\n\t\t<\/div>\n\t\t\t\t<div class=\"elementor-column elementor-col-33 elementor-inner-column elementor-element elementor-element-75b4cc1\" data-id=\"75b4cc1\" data-element_type=\"column\">\n\t\t\t<div class=\"elementor-widget-wrap elementor-element-populated\">\n\t\t\t\t\t\t\t\t<div class=\"elementor-element elementor-element-e460053 elementor-view-default elementor-position-top elementor-vertical-align-top elementor-invisible elementor-widget elementor-widget-icon-box\" data-id=\"e460053\" data-element_type=\"widget\" data-settings=\"{&quot;_animation&quot;:&quot;opal-move-right&quot;,&quot;_animation_delay&quot;:300}\" data-widget_type=\"icon-box.default\">\n\t\t\t\t<div class=\"elementor-widget-container\">\n\t\t\t        <div class=\"elementor-icon-box-wrapper\">\n                    <div class=\"elementor-icon-box-icon\">\n            <a class=\"elementor-icon elementor-animation-\" href=\"mailto:hotelartemare@gmail.com\">\n            <i class=\"opal-icon-phone\" aria-hidden=\"true\"><\/i>\n            <\/a>\n            <\/div>\n                <div class=\"elementor-icon-box-content\">\n            <h3 class=\"elementor-icon-box-title\">\n                <a href=\"mailto:hotelartemare@gmail.com\">Tel\u00e9fono<\/a>\n            <\/h3>\n            <p class=\"elementor-icon-box-description\"><a href=\"tel:+3909231858814\">0923 185 8814<\/a><\/p>\n            <\/div>\n        <\/div>\n        \t\t<\/div>\n\t\t\t\t<\/div>\n\t\t\t\t\t<\/div>\n\t\t<\/div>\n\t\t\t\t\t\t\t<\/div>\n\t\t<\/section>\n\t\t\t\t\t<\/div>\n\t\t<\/div>\n\t\t\t\t\t\t\t<\/div>\n\t\t<\/section>\n\t\t\t\t<section class=\"elementor-section elementor-top-section elementor-element elementor-element-d7527f0 elementor-section-stretched elementor-section-boxed elementor-section-height-default elementor-section-height-default\" data-id=\"d7527f0\" data-element_type=\"section\" data-settings=\"{&quot;stretch_section&quot;:&quot;section-stretched&quot;,&quot;background_background&quot;:&quot;classic&quot;}\">\n\t\t\t\t\t\t<div class=\"elementor-container elementor-column-gap-no\">\n\t\t\t\t\t<div class=\"elementor-column elementor-col-50 elementor-top-column elementor-element elementor-element-a987564\" data-id=\"a987564\" data-element_type=\"column\" data-settings=\"{&quot;background_background&quot;:&quot;classic&quot;}\">\n\t\t\t<div class=\"elementor-widget-wrap elementor-element-populated\">\n\t\t\t\t\t\t\t\t<div class=\"elementor-element elementor-element-99e7f1c elementor-align-left elementor-mobile-align-center elementor-invisible elementor-widget elementor-widget-heading\" data-id=\"99e7f1c\" data-element_type=\"widget\" data-settings=\"{&quot;_animation&quot;:&quot;opal-move-up&quot;}\" data-widget_type=\"heading.default\">\n\t\t\t\t<div class=\"elementor-widget-container\">\n\t\t\t<h3 class=\"elementor-heading-title elementor-size-default\">Informaci\u00f3n requerida<\/h3>\t\t<\/div>\n\t\t\t\t<\/div>\n\t\t\t\t<div class=\"elementor-element elementor-element-1c129c5 elementor-invisible elementor-widget elementor-widget-text-editor\" data-id=\"1c129c5\" data-element_type=\"widget\" data-settings=\"{&quot;_animation&quot;:&quot;opal-move-up&quot;,&quot;_animation_delay&quot;:100}\" data-widget_type=\"text-editor.default\">\n\t\t\t\t<div class=\"elementor-widget-container\">\n\t\t\t        <div class=\"elementor-text-editor elementor-clearfix\"><p>Escr\u00edbenos, te responderemos lo antes posible<\/p><\/div>\n        \t\t<\/div>\n\t\t\t\t<\/div>\n\t\t\t\t<div class=\"elementor-element elementor-element-956ca22 elementor-wpcf7-button-primary elementor-wpcf7-button-md elementor-invisible elementor-widget elementor-widget-opal-contactform7\" data-id=\"956ca22\" data-element_type=\"widget\" data-settings=\"{&quot;_animation&quot;:&quot;fadeIn&quot;,&quot;_animation_delay&quot;:200}\" data-widget_type=\"opal-contactform7.default\">\n\t\t\t\t<div class=\"elementor-widget-container\">\n\t\t\t\n<div class=\"wpcf7 no-js\" id=\"wpcf7-f8020-o1\" lang=\"en-US\" dir=\"ltr\" data-wpcf7-id=\"8020\">\n<div class=\"screen-reader-response\"><p role=\"status\" aria-live=\"polite\" aria-atomic=\"true\"><\/p> <ul><\/ul><\/div>\n<form action=\"\/es\/wp-json\/wp\/v2\/pages\/8082#wpcf7-f8020-o1\" method=\"post\" class=\"wpcf7-form init\" aria-label=\"Contact form\" novalidate=\"novalidate\" data-status=\"init\">\n<fieldset class=\"hidden-fields-container\"><input type=\"hidden\" name=\"_wpcf7\" value=\"8020\" \/><input type=\"hidden\" name=\"_wpcf7_version\" value=\"6.1.5\" \/><input type=\"hidden\" name=\"_wpcf7_locale\" value=\"en_US\" \/><input type=\"hidden\" name=\"_wpcf7_unit_tag\" value=\"wpcf7-f8020-o1\" \/><input type=\"hidden\" name=\"_wpcf7_container_post\" value=\"0\" \/><input type=\"hidden\" name=\"_wpcf7_posted_data_hash\" value=\"\" \/><input type=\"hidden\" name=\"_wpcf7_recaptcha_response\" value=\"\" \/>\n<\/fieldset>\n<div class=\"row\">\n\t<div class=\"col-md-12 col-sm-12\">\n\t\t<div class=\"mb-3\">\n\t\t\t<p><span class=\"wpcf7-form-control-wrap\" data-name=\"your-name\"><input size=\"40\" maxlength=\"400\" class=\"wpcf7-form-control wpcf7-text wpcf7-validates-as-required\" aria-required=\"true\" aria-invalid=\"false\" placeholder=\"Nombre y apellido*\" value=\"\" type=\"text\" name=\"your-name\" \/><\/span>\n\t\t\t<\/p>\n\t\t<\/div>\n\t<\/div>\n\t<div class=\"col-md-6 col-sm-12\">\n\t\t<div class=\"mb-3\">\n\t\t\t<p><span class=\"wpcf7-form-control-wrap\" data-name=\"your-email\"><input size=\"40\" maxlength=\"400\" class=\"wpcf7-form-control wpcf7-email wpcf7-validates-as-required wpcf7-text wpcf7-validates-as-email\" aria-required=\"true\" aria-invalid=\"false\" placeholder=\"Direcci\u00f3n de email*\" value=\"\" type=\"email\" name=\"your-email\" \/><\/span>\n\t\t\t<\/p>\n\t\t<\/div>\n\t<\/div>\n\t<div class=\"col-md-6 col-sm-12\">\n\t\t<div class=\"mb-3\">\n\t\t\t<p><span class=\"wpcf7-form-control-wrap\" data-name=\"your-phone\"><input size=\"40\" maxlength=\"400\" class=\"wpcf7-form-control wpcf7-tel wpcf7-validates-as-required wpcf7-text wpcf7-validates-as-tel\" aria-required=\"true\" aria-invalid=\"false\" placeholder=\"N\u00famero de tel\u00e9fono*\" value=\"\" type=\"tel\" name=\"your-phone\" \/><\/span>\n\t\t\t<\/p>\n\t\t<\/div>\n\t<\/div>\n\t<div class=\"col-md-12 col-sm-12\">\n\t\t<div class=\"mb-3\">\n\t\t\t<p><span class=\"wpcf7-form-control-wrap\" data-name=\"your-message\"><textarea cols=\"40\" rows=\"3\" maxlength=\"2000\" class=\"wpcf7-form-control wpcf7-textarea wpcf7-validates-as-required\" aria-required=\"true\" aria-invalid=\"false\" placeholder=\"Mensaje de texto*\" name=\"your-message\"><\/textarea><\/span>\n\t\t\t<\/p>\n\t\t<\/div>\n\t<\/div>\n\t<div class=\"col-md-12 col-sm-12\">\n\t\t<div class=\"mb-3\">\n\t\t\t<p><span class=\"wpcf7-form-control-wrap\" data-name=\"privacy_policy\"><span class=\"wpcf7-form-control wpcf7-acceptance\"><span class=\"wpcf7-list-item\"><label><input type=\"checkbox\" name=\"privacy_policy\" value=\"1\" class=\"privacy_policy\" aria-invalid=\"false\" \/><span class=\"wpcf7-list-item-label\"><a href=\"https:\/\/www.hotelartemare.it\/policy\/privacy_es.php\" class=\"policy\" target=\"_blank\">Autorizo el uso de datos personales de acuerdo con el Reglamento (UE) 2016\/679 (EU GDPR)<\/a><\/span><\/label><\/span><\/span><\/span>\n\t\t\t<\/p>\n\t\t<\/div>\n\t<\/div>\n\t<div class=\"col-md-12 col-sm-12\">\n\t\t<div class=\"mb-3\">\n\t\t\t<p><button type=\"submit\" value=\"Submit\"><span>Enviar mensaje<\/span><i class=\"opal-icon-long-arrow-right\" aria-hidden=\"true\"><\/i><\/button>\n\t\t\t<\/p>\n\t\t<\/div>\n\t<\/div>\n<\/div><div class=\"wpcf7-response-output\" aria-hidden=\"true\"><\/div>\n<\/form>\n<\/div>\n\t\t<\/div>\n\t\t\t\t<\/div>\n\t\t\t\t\t<\/div>\n\t\t<\/div>\n\t\t\t\t<div class=\"elementor-column elementor-col-50 elementor-top-column elementor-element elementor-element-ed7138c\" data-id=\"ed7138c\" data-element_type=\"column\">\n\t\t\t<div class=\"elementor-widget-wrap elementor-element-populated\">\n\t\t\t\t\t\t\t\t<div class=\"elementor-element elementor-element-be5df98 elementor-widget elementor-widget-opal-google_map\" data-id=\"be5df98\" data-element_type=\"widget\" data-widget_type=\"opal-google_map.default\">\n\t\t\t\t<div class=\"elementor-widget-container\">\n\t\t\t\n        <div id=\"opal-map871157839\" class=\"google-maps opal-google-maps\"\n             data-zoom=\"16\"\n             data-lat=\"38.172086696703815\"\n             data-lng=\"12.735795957844292\"\n             data-styles=''>\n        <\/div>\n        \t\t<\/div>\n\t\t\t\t<\/div>\n\t\t\t\t\t<\/div>\n\t\t<\/div>\n\t\t\t\t\t\t\t<\/div>\n\t\t<\/section>\n\t\t\t\t\t\t\t<\/div>\n\t\t","protected":false},"excerpt":{"rendered":"<p>Contattaci Hotel Arte Mare, nello splendido borgo marinaro di San Vito Lo Capo. Indirizzo Via del mulino 42 91010 &#8211; San Vito Lo Capo (TP) \u00a0 Email hotelartemare@gmail.com \u00a0 Tel\u00e9fono 0923 185 8814 Informaci\u00f3n requerida Escr\u00edbenos, te responderemos lo antes posible Autorizo el uso de datos personales de acuerdo con el Reglamento (UE) 2016\/679 (EU &hellip; <span class=\"more-link-wrap\"><a href=\"https:\/\/www.hotelartemare.it\/es\/contactos\/\" class=\"more-link\">Read More <span class=\"screen-reader-text\"> \u00abContactos\u00bb<\/span><\/a><\/span><\/p>\n","protected":false},"author":1,"featured_media":0,"parent":0,"menu_order":0,"comment_status":"closed","ping_status":"closed","template":"page-elementor.php","meta":{"inline_featured_image":false,"footnotes":""},"class_list":["post-8082","page","type-page","status-publish","hentry"],"yoast_head":"<!-- This site is optimized with the Yoast SEO plugin v27.3 - https:\/\/yoast.com\/product\/yoast-seo-wordpress\/ -->\n<title>Contactos - Hotel Arte Mare en San Vito Lo Capo<\/title>\n<meta name=\"description\" content=\"Hotel Arte Mare nace del proyecto hostelero de una familia que pens\u00f3 en la hospitalidad como met\u00e1fora de un lugar en el que cuidarse\" \/>\n<meta name=\"robots\" content=\"index, follow, max-snippet:-1, max-image-preview:large, max-video-preview:-1\" \/>\n<link rel=\"canonical\" href=\"https:\/\/www.hotelartemare.it\/es\/contactos\/\" \/>\n<meta property=\"og:locale\" content=\"es_ES\" \/>\n<meta property=\"og:type\" content=\"article\" \/>\n<meta property=\"og:title\" content=\"Contactos - Hotel Arte Mare en San Vito Lo Capo\" \/>\n<meta property=\"og:description\" content=\"Hotel Arte Mare nace del proyecto hostelero de una familia que pens\u00f3 en la hospitalidad como met\u00e1fora de un lugar en el que cuidarse\" \/>\n<meta property=\"og:url\" content=\"https:\/\/www.hotelartemare.it\/es\/contactos\/\" \/>\n<meta property=\"og:site_name\" content=\"Hotel Arte Mare\" \/>\n<meta property=\"article:modified_time\" content=\"2024-10-29T08:59:16+00:00\" \/>\n<meta name=\"twitter:card\" content=\"summary_large_image\" \/>\n<meta name=\"twitter:label1\" content=\"Tiempo de lectura\" \/>\n\t<meta name=\"twitter:data1\" content=\"1 minuto\" \/>\n<script type=\"application\/ld+json\" class=\"yoast-schema-graph\">{\"@context\":\"https:\\\/\\\/schema.org\",\"@graph\":[{\"@type\":\"WebPage\",\"@id\":\"https:\\\/\\\/www.hotelartemare.it\\\/es\\\/contactos\\\/\",\"url\":\"https:\\\/\\\/www.hotelartemare.it\\\/es\\\/contactos\\\/\",\"name\":\"Contactos - Hotel Arte Mare en San Vito Lo Capo\",\"isPartOf\":{\"@id\":\"https:\\\/\\\/www.hotelartemare.it\\\/es\\\/#website\"},\"datePublished\":\"2023-04-20T11:17:58+00:00\",\"dateModified\":\"2024-10-29T08:59:16+00:00\",\"description\":\"Hotel Arte Mare nace del proyecto hostelero de una familia que pens\u00f3 en la hospitalidad como met\u00e1fora de un lugar en el que cuidarse\",\"inLanguage\":\"es\",\"potentialAction\":[{\"@type\":\"ReadAction\",\"target\":[\"https:\\\/\\\/www.hotelartemare.it\\\/es\\\/contactos\\\/\"]}]},{\"@type\":\"WebSite\",\"@id\":\"https:\\\/\\\/www.hotelartemare.it\\\/es\\\/#website\",\"url\":\"https:\\\/\\\/www.hotelartemare.it\\\/es\\\/\",\"name\":\"Hotel Arte Mare\",\"description\":\"\",\"publisher\":{\"@id\":\"https:\\\/\\\/www.hotelartemare.it\\\/es\\\/#organization\"},\"potentialAction\":[{\"@type\":\"SearchAction\",\"target\":{\"@type\":\"EntryPoint\",\"urlTemplate\":\"https:\\\/\\\/www.hotelartemare.it\\\/es\\\/?s={search_term_string}\"},\"query-input\":{\"@type\":\"PropertyValueSpecification\",\"valueRequired\":true,\"valueName\":\"search_term_string\"}}],\"inLanguage\":\"es\"},{\"@type\":\"Organization\",\"@id\":\"https:\\\/\\\/www.hotelartemare.it\\\/es\\\/#organization\",\"name\":\"Hotel Arte Mare\",\"url\":\"https:\\\/\\\/www.hotelartemare.it\\\/es\\\/\",\"logo\":{\"@type\":\"ImageObject\",\"inLanguage\":\"es\",\"@id\":\"https:\\\/\\\/www.hotelartemare.it\\\/es\\\/#\\\/schema\\\/logo\\\/image\\\/\",\"url\":\"https:\\\/\\\/www.hotelartemare.it\\\/wp-content\\\/uploads\\\/2023\\\/04\\\/hotel-arte-mare-logo.png\",\"contentUrl\":\"https:\\\/\\\/www.hotelartemare.it\\\/wp-content\\\/uploads\\\/2023\\\/04\\\/hotel-arte-mare-logo.png\",\"width\":250,\"height\":250,\"caption\":\"Hotel Arte Mare\"},\"image\":{\"@id\":\"https:\\\/\\\/www.hotelartemare.it\\\/es\\\/#\\\/schema\\\/logo\\\/image\\\/\"}}]}<\/script>\n<!-- \/ Yoast SEO plugin. -->","yoast_head_json":{"title":"Contactos - Hotel Arte Mare en San Vito Lo Capo","description":"Hotel Arte Mare nace del proyecto hostelero de una familia que pens\u00f3 en la hospitalidad como met\u00e1fora de un lugar en el que cuidarse","robots":{"index":"index","follow":"follow","max-snippet":"max-snippet:-1","max-image-preview":"max-image-preview:large","max-video-preview":"max-video-preview:-1"},"canonical":"https:\/\/www.hotelartemare.it\/es\/contactos\/","og_locale":"es_ES","og_type":"article","og_title":"Contactos - Hotel Arte Mare en San Vito Lo Capo","og_description":"Hotel Arte Mare nace del proyecto hostelero de una familia que pens\u00f3 en la hospitalidad como met\u00e1fora de un lugar en el que cuidarse","og_url":"https:\/\/www.hotelartemare.it\/es\/contactos\/","og_site_name":"Hotel Arte Mare","article_modified_time":"2024-10-29T08:59:16+00:00","twitter_card":"summary_large_image","twitter_misc":{"Tiempo de lectura":"1 minuto"},"schema":{"@context":"https:\/\/schema.org","@graph":[{"@type":"WebPage","@id":"https:\/\/www.hotelartemare.it\/es\/contactos\/","url":"https:\/\/www.hotelartemare.it\/es\/contactos\/","name":"Contactos - Hotel Arte Mare en San Vito Lo Capo","isPartOf":{"@id":"https:\/\/www.hotelartemare.it\/es\/#website"},"datePublished":"2023-04-20T11:17:58+00:00","dateModified":"2024-10-29T08:59:16+00:00","description":"Hotel Arte Mare nace del proyecto hostelero de una familia que pens\u00f3 en la hospitalidad como met\u00e1fora de un lugar en el que cuidarse","inLanguage":"es","potentialAction":[{"@type":"ReadAction","target":["https:\/\/www.hotelartemare.it\/es\/contactos\/"]}]},{"@type":"WebSite","@id":"https:\/\/www.hotelartemare.it\/es\/#website","url":"https:\/\/www.hotelartemare.it\/es\/","name":"Hotel Arte Mare","description":"","publisher":{"@id":"https:\/\/www.hotelartemare.it\/es\/#organization"},"potentialAction":[{"@type":"SearchAction","target":{"@type":"EntryPoint","urlTemplate":"https:\/\/www.hotelartemare.it\/es\/?s={search_term_string}"},"query-input":{"@type":"PropertyValueSpecification","valueRequired":true,"valueName":"search_term_string"}}],"inLanguage":"es"},{"@type":"Organization","@id":"https:\/\/www.hotelartemare.it\/es\/#organization","name":"Hotel Arte Mare","url":"https:\/\/www.hotelartemare.it\/es\/","logo":{"@type":"ImageObject","inLanguage":"es","@id":"https:\/\/www.hotelartemare.it\/es\/#\/schema\/logo\/image\/","url":"https:\/\/www.hotelartemare.it\/wp-content\/uploads\/2023\/04\/hotel-arte-mare-logo.png","contentUrl":"https:\/\/www.hotelartemare.it\/wp-content\/uploads\/2023\/04\/hotel-arte-mare-logo.png","width":250,"height":250,"caption":"Hotel Arte Mare"},"image":{"@id":"https:\/\/www.hotelartemare.it\/es\/#\/schema\/logo\/image\/"}}]}},"_links":{"self":[{"href":"https:\/\/www.hotelartemare.it\/es\/wp-json\/wp\/v2\/pages\/8082","targetHints":{"allow":["GET"]}}],"collection":[{"href":"https:\/\/www.hotelartemare.it\/es\/wp-json\/wp\/v2\/pages"}],"about":[{"href":"https:\/\/www.hotelartemare.it\/es\/wp-json\/wp\/v2\/types\/page"}],"author":[{"embeddable":true,"href":"https:\/\/www.hotelartemare.it\/es\/wp-json\/wp\/v2\/users\/1"}],"replies":[{"embeddable":true,"href":"https:\/\/www.hotelartemare.it\/es\/wp-json\/wp\/v2\/comments?post=8082"}],"version-history":[{"count":10,"href":"https:\/\/www.hotelartemare.it\/es\/wp-json\/wp\/v2\/pages\/8082\/revisions"}],"predecessor-version":[{"id":9088,"href":"https:\/\/www.hotelartemare.it\/es\/wp-json\/wp\/v2\/pages\/8082\/revisions\/9088"}],"wp:attachment":[{"href":"https:\/\/www.hotelartemare.it\/es\/wp-json\/wp\/v2\/media?parent=8082"}],"curies":[{"name":"wp","href":"https:\/\/api.w.org\/{rel}","templated":true}]}}